{"id":830,"date":"2022-11-06T10:34:29","date_gmt":"2022-11-06T10:34:29","guid":{"rendered":"https:\/\/lojalziro.com\/?post_type=product&#038;p=830"},"modified":"2023-04-11T11:57:25","modified_gmt":"2023-04-11T10:57:25","slug":"forno-orima-or-75-thab","status":"publish","type":"product","link":"https:\/\/lojalziro.com\/?product=forno-orima-or-75-thab","title":{"rendered":"FORNO ORIMA  OR-75-THAB"},"content":{"rendered":"<p>Forno El\u00e9ctrico multifun\u00e7\u00f5es<br \/>\n15 fun\u00e7\u00f5es<br \/>\nLimpeza a vapor<br \/>\nProte\u00e7\u00e3o de ar quente: cria um escudo de ar que evita que o ar quente saia da cavidade<br \/>\nGrelhas telesc\u00f3picos Easy Fix<br \/>\nResist\u00eancia de Turbo<br \/>\nProgramador digital Touch Control<br \/>\nEspeto rotativo<br \/>\nVentila\u00e7\u00e3o<br \/>\nTerm\u00f3stato<br \/>\nAquecimento superior e inferior<br \/>\nGrelhador el\u00e9ctrico<br \/>\nPainel de controlo em vidro preto<br \/>\nVolume \u00fatil do forno: 78 L<br \/>\nPorta do forno amov\u00edvel com vidro duplo<br \/>\nLuz no forno<br \/>\nGrelha e tabuleiro de recolha de molhos<br \/>\nClasse energ\u00e9tica: A<\/p>\n<p>Dimens\u00f5es do produto: 595x575x595<br \/>\nDimens\u00f5es da embalagem: 650x640x650<br \/>\nDimens\u00f5es Produto Integrado: Min.:560 \u2014 Max.: 580<br \/>\nDimens\u00f5es de recesso m\u00f3vel: Min.: 555\/600<\/p>\n","protected":false},"excerpt":{"rendered":"<p>Forno El\u00e9ctrico multifun\u00e7\u00f5es 15 fun\u00e7\u00f5es Limpeza a vapor Prote\u00e7\u00e3o de ar quente: cria um escudo de ar que evita que o ar quente saia da cavidade Grelhas telesc\u00f3picos Easy Fix Resist\u00eancia de Turbo Programador digital Touch Control Espeto rotativo Ventila\u00e7\u00e3o Term\u00f3stato Aquecimento superior e inferior Grelhador el\u00e9ctrico Painel de controlo em vidro preto Volume \u00fatil [&hellip;]<\/p>\n","protected":false},"featured_media":831,"template":"","meta":{"ngg_post_thumbnail":0},"_links":{"self":[{"href":"https:\/\/lojalziro.com\/index.php?rest_route=\/wp\/v2\/product\/830"}],"collection":[{"href":"https:\/\/lojalziro.com\/index.php?rest_route=\/wp\/v2\/product"}],"about":[{"href":"https:\/\/lojalziro.com\/index.php?rest_route=\/wp\/v2\/types\/product"}],"wp:featuredmedia":[{"embeddable":true,"href":"https:\/\/lojalziro.com\/index.php?rest_route=\/wp\/v2\/media\/831"}],"wp:attachment":[{"href":"https:\/\/lojalziro.com\/index.php?rest_route=%2Fwp%2Fv2%2Fmedia&parent=830"}],"curies":[{"name":"wp","href":"https:\/\/api.w.org\/{rel}","templated":true}]}}