{"id":51,"date":"2020-09-19T10:08:09","date_gmt":"2020-09-19T10:08:09","guid":{"rendered":"https:\/\/lojalziro.com\/?page_id=51"},"modified":"2020-11-02T22:26:43","modified_gmt":"2020-11-02T22:26:43","slug":"the-new-umoma-opens-its-doors-2","status":"publish","type":"page","link":"https:\/\/lojalziro.com\/","title":{"rendered":"LojAlziro.com"},"content":{"rendered":"\n<div class=\"wp-container-2 wp-block-group alignwide\"><div class=\"wp-block-group__inner-container\">\n<div class=\"wp-container-1 wp-block-buttons aligncenter\">\n<div class=\"wp-block-button\"><a class=\"wp-block-button__link\" href=\"https:\/\/lojalziro.com\/?post_type=product\">Ir para a loja<\/a><\/div>\n<\/div>\n\n\n\n<h2 class=\"has-text-align-center\">Bem-vindo \u00e0 nossa loja. <\/h2>\n\n\n\n<h2 class=\"has-text-align-center\">Os melhores produtos para sua casa, com a excel\u00eancia de servi\u00e7o do com\u00e9rcio tradicional.<\/h2>\n\n\n\n<p class=\"has-text-align-center\">Artigos incluem valor de montagem no distrito de Castelo Branco <\/p>\n\n\n\n<p class=\"has-text-align-center\">(no valor de \u2248 50\u20ac em outras superf\u00edcies comerciais).<\/p>\n<\/div><\/div>\n\n\n\n<div class=\"wp-block-columns alignwide\">\n<div class=\"wp-block-column\">\n<div class=\"wp-container-6 wp-block-group\"><div class=\"wp-block-group__inner-container\">\n<figure class=\"wp-block-image alignfull size-large is-style-default\"><img loading=\"lazy\" width=\"1920\" height=\"1280\" src=\"https:\/\/lojalziro.com\/wp-content\/uploads\/2020\/09\/alvaro-bernal-_Ib-JulMgzo-unsplash-1.jpg\" alt=\"\" class=\"wp-image-80\"\/><\/figure>\n\n\n\n<h3>Ar condicionado<\/h3>\n\n\n\n<p>Para ver\u00f5es quentes e invernos frios.<\/p>\n\n\n\n<div class=\"wp-container-5 wp-block-group\"><div class=\"wp-block-group__inner-container\">\n<div class=\"wp-container-3 wp-block-group\"><div class=\"wp-block-group__inner-container\"><\/div><\/div>\n\n\n\n<div class=\"wp-container-4 wp-block-group\"><div class=\"wp-block-group__inner-container\"><\/div><\/div>\n<\/div><\/div>\n<\/div><\/div>\n\n\n\n<div class=\"wp-container-7 wp-block-group\"><div class=\"wp-block-group__inner-container\">\n<figure class=\"wp-block-image alignfull size-large\"><img loading=\"lazy\" width=\"1920\" height=\"1275\" src=\"https:\/\/lojalziro.com\/wp-content\/uploads\/2020\/09\/naomi-hebert-MP0bgaS_d1c-unsplash.jpg\" alt=\"\" class=\"wp-image-82\"\/><\/figure>\n\n\n\n<h3>Todo o tipo de electrodom\u00e9sticos<\/h3>\n\n\n\n<p>Visite-nos em Castelo Branco.<\/p>\n<\/div><\/div>\n\n\n\n<p><\/p>\n<\/div>\n\n\n\n<div class=\"wp-block-column is-vertically-aligned-top\">\n<div class=\"wp-container-8 wp-block-group\"><div class=\"wp-block-group__inner-container\">\n<figure class=\"wp-block-image alignfull size-large\"><img loading=\"lazy\" width=\"1880\" height=\"1236\" src=\"https:\/\/lojalziro.com\/wp-content\/uploads\/2020\/09\/pexels-photo-356036.jpeg\" alt=\"alternative energy building clouds energy\" class=\"wp-image-81\"\/><\/figure>\n\n\n\n<h3>Paineis Solares. <\/h3>\n\n\n\n<p>Investimento inicial. Energia gratuita! (Aquecimento ou Energia el\u00e9trica) <\/p>\n\n\n\n<p><\/p>\n\n\n\n<p><\/p>\n\n\n\n<p><\/p>\n\n\n\n<p><\/p>\n\n\n\n<p><\/p>\n\n\n\n<h2>Instala\u00e7\u00e3o de Antenas<\/h2>\n\n\n\n<figure class=\"wp-block-gallery columns-3 is-cropped\"><ul class=\"blocks-gallery-grid\"><li class=\"blocks-gallery-item\"><figure><img loading=\"lazy\" width=\"200\" height=\"200\" src=\"https:\/\/lojalziro.com\/wp-content\/uploads\/2020\/10\/Fracarro-div1.jpg\" alt=\"\" data-id=\"257\" data-full-url=\"https:\/\/lojalziro.com\/wp-content\/uploads\/2020\/10\/Fracarro-div1.jpg\" data-link=\"https:\/\/lojalziro.com\/?attachment_id=257\" class=\"wp-image-257\"\/><\/figure><\/li><li class=\"blocks-gallery-item\"><figure><img loading=\"lazy\" width=\"450\" height=\"450\" src=\"https:\/\/lojalziro.com\/wp-content\/uploads\/2020\/10\/EB1190782631DboZAR9DO4n_600x600@2x-1.jpg\" alt=\"\" data-id=\"197\" data-full-url=\"https:\/\/lojalziro.com\/wp-content\/uploads\/2020\/10\/EB1190782631DboZAR9DO4n_600x600@2x-1.jpg\" data-link=\"https:\/\/lojalziro.com\/?attachment_id=197\" class=\"wp-image-197\"\/><\/figure><\/li><li class=\"blocks-gallery-item\"><figure><img loading=\"lazy\" width=\"1920\" height=\"2400\" src=\"https:\/\/lojalziro.com\/wp-content\/uploads\/2020\/09\/muhammad-farhan-anwari-g7FRwTKT7To-unsplash.jpg\" alt=\"\" data-id=\"93\" data-full-url=\"https:\/\/lojalziro.com\/wp-content\/uploads\/2020\/09\/muhammad-farhan-anwari-g7FRwTKT7To-unsplash.jpg\" data-link=\"https:\/\/lojalziro.com\/?attachment_id=93\" class=\"wp-image-93\"\/><\/figure><\/li><li class=\"blocks-gallery-item\"><figure><img loading=\"lazy\" width=\"1920\" height=\"3413\" src=\"https:\/\/lojalziro.com\/wp-content\/uploads\/2020\/09\/jorge-salvador-wjMMVxy8C0g-unsplash.jpg\" alt=\"\" data-id=\"90\" data-full-url=\"https:\/\/lojalziro.com\/wp-content\/uploads\/2020\/09\/jorge-salvador-wjMMVxy8C0g-unsplash.jpg\" data-link=\"https:\/\/lojalziro.com\/?attachment_id=90\" class=\"wp-image-90\"\/><\/figure><\/li><li class=\"blocks-gallery-item\"><figure><img loading=\"lazy\" width=\"867\" height=\"1300\" src=\"https:\/\/lojalziro.com\/wp-content\/uploads\/2020\/09\/pexels-photo-3721597.jpeg\" alt=\"person holding black remote control\" data-id=\"88\" data-full-url=\"https:\/\/lojalziro.com\/wp-content\/uploads\/2020\/09\/pexels-photo-3721597.jpeg\" data-link=\"https:\/\/lojalziro.com\/?attachment_id=88\" class=\"wp-image-88\"\/><figcaption class=\"blocks-gallery-item__caption\">Photo by Ian Panelo on <a href=\"https:\/\/www.pexels.com\/photo\/person-holding-black-remote-control-3721597\/\" rel=\"nofollow\">Pexels.com<\/a><\/figcaption><\/figure><\/li><li class=\"blocks-gallery-item\"><figure><img loading=\"lazy\" width=\"1920\" height=\"2880\" src=\"https:\/\/lojalziro.com\/wp-content\/uploads\/2020\/09\/pawel-czerwinski-xq2EsbMRPe4-unsplash.jpg\" alt=\"\" data-id=\"94\" data-full-url=\"https:\/\/lojalziro.com\/wp-content\/uploads\/2020\/09\/pawel-czerwinski-xq2EsbMRPe4-unsplash.jpg\" data-link=\"https:\/\/lojalziro.com\/?attachment_id=94\" class=\"wp-image-94\"\/><\/figure><\/li><\/ul><\/figure>\n<\/div><\/div>\n\n\n\n<p>Sat\u00e9lite ou Terrestre. TDT, Canais Franceses, Ingleses  e muito mais. Entre em contacto connosco. <\/p>\n<\/div>\n<\/div>\n\n\n\n<figure class=\"wp-block-image alignfull size-large\"><img loading=\"lazy\" width=\"1920\" height=\"1280\" src=\"https:\/\/lojalziro.com\/wp-content\/uploads\/2020\/09\/nicolas-thomas-3GZi6OpSDcY-unsplash.jpg\" alt=\"\" class=\"wp-image-83\"\/><\/figure>\n\n\n\n<div class=\"wp-container-9 wp-block-group alignwide\"><div class=\"wp-block-group__inner-container\">\n<h2 class=\"has-text-align-center has-accent-color has-text-color\">\u201cO melhor \u00e9 que sabemos que podemos contar com qualquer suporte em caso de problemas \u201d<\/h2>\n<\/div><\/div>\n\n\n\n<p class=\"has-drop-cap\">Todos os electrodom\u00e9sticos comprados no distrito de Castelo Branco s\u00e3o entregues em casa sem custos adicionais. Em caso de problemas ter\u00e1 sempre o seu suporte por perto.<\/p>\n\n\n\n<div class=\"wp-container-11 wp-block-group alignwide has-background\" style=\"background-color:#ffffff\"><div class=\"wp-block-group__inner-container\">\n<div class=\"wp-container-10 wp-block-group\"><div class=\"wp-block-group__inner-container\">\n<h2 class=\"has-text-align-center\">Visite-nos em Castelo Branco!<\/h2>\n\n\n\n<p class=\"has-text-align-center\">Rua Senhora de M\u00e9rcoles 92. (Perto do mercado)<\/p>\n\n\n\n<div class=\"wp-block-button aligncenter\"><a class=\"wp-block-button__link\" href=\"https:\/\/lojalziro.com\/?page_id=53\">Ver no mapa<\/a><\/div>\n<\/div><\/div>\n<\/div><\/div>\n\n\n\n<p><\/p>\n","protected":false},"excerpt":{"rendered":"<p>Bem-vindo \u00e0 nossa loja. Os melhores produtos para sua casa, com a excel\u00eancia de servi\u00e7o do com\u00e9rcio tradicional. Artigos incluem valor de montagem no distrito de Castelo Branco (no valor de \u2248 50\u20ac em outras superf\u00edcies comerciais). Ar condicionado Para ver\u00f5es quentes e invernos frios. Todo o tipo de electrodom\u00e9sticos Visite-nos em Castelo Branco. Paineis [&hellip;]<\/p>\n","protected":false},"author":1,"featured_media":77,"parent":0,"menu_order":0,"comment_status":"closed","ping_status":"closed","template":"templates\/template-cover.php","meta":{"ngg_post_thumbnail":0},"_links":{"self":[{"href":"https:\/\/lojalziro.com\/index.php?rest_route=\/wp\/v2\/pages\/51"}],"collection":[{"href":"https:\/\/lojalziro.com\/index.php?rest_route=\/wp\/v2\/pages"}],"about":[{"href":"https:\/\/lojalziro.com\/index.php?rest_route=\/wp\/v2\/types\/page"}],"author":[{"embeddable":true,"href":"https:\/\/lojalziro.com\/index.php?rest_route=\/wp\/v2\/users\/1"}],"replies":[{"embeddable":true,"href":"https:\/\/lojalziro.com\/index.php?rest_route=%2Fwp%2Fv2%2Fcomments&post=51"}],"version-history":[{"count":24,"href":"https:\/\/lojalziro.com\/index.php?rest_route=\/wp\/v2\/pages\/51\/revisions"}],"predecessor-version":[{"id":333,"href":"https:\/\/lojalziro.com\/index.php?rest_route=\/wp\/v2\/pages\/51\/revisions\/333"}],"wp:featuredmedia":[{"embeddable":true,"href":"https:\/\/lojalziro.com\/index.php?rest_route=\/wp\/v2\/media\/77"}],"wp:attachment":[{"href":"https:\/\/lojalziro.com\/index.php?rest_route=%2Fwp%2Fv2%2Fmedia&parent=51"}],"curies":[{"name":"wp","href":"https:\/\/api.w.org\/{rel}","templated":true}]}}